{"id":747,"date":"2024-04-22T12:40:43","date_gmt":"2024-04-22T09:40:43","guid":{"rendered":"https:\/\/b2b.aslanidisbuild.gr\/product\/plastic-tube-welding-tools-ingco-1500w\/"},"modified":"2024-04-22T12:40:43","modified_gmt":"2024-04-22T09:40:43","slug":"plastic-tube-welding-tools-ingco-1500w","status":"publish","type":"product","link":"https:\/\/b2b.aslanidisbuild.gr\/en\/product\/plastic-tube-welding-tools-ingco-1500w\/","title":{"rendered":"Plastic Tube Welding Tools Ingco 1500W"},"content":{"rendered":"<p><strong>Characteristics<\/strong><strong>:<\/strong><\/p>\n<ul>\n<li>Ideal for professional use.<\/li>\n<li>Easy and safe to use.<\/li>\n<li>Double insulation.<\/li>\n<li>Support base.<\/li>\n<li>Maintains a constant temperature.<\/li>\n<li>Accurate temperature control.<\/li>\n<\/ul>\n<p>\nThe device is ideal for polypropylene pipe welding, as well as for hydraulic and thermal systems (PE-PP-PVC-PVDF).<\/p>\n<p>It develops power of 1500 or 800 W, with the possibility to choose. You also have the ability to adjust the temperature from 0 to 300\u00b0C.<\/p>\n<p>The support base has a clamp and can be placed on a workbench or table.<\/p>\n<p>There are 3 positions that heating sockets can be paced, depending on the work need.<\/p>\n<p>Select the appropriate heating socket, depending on the size of pipe you want to weld.<\/p>\n<p>The heating time starts when the pipe and fitting are placed in the heating socket.<\/p>\n<p>The welded elements must remain stationary until they cool down for a certain time. Eg: In a plastic pipe with an outer diameter of 20mm, the heating time will be 5 seconds, the welding time 4 seconds and then you have to let it cool for 3 minutes.<\/p>\n<p>Metal case for safe storage and transport.<\/p>\n<table>\n<tbody>\n<tr>\n<td style=\"text-align: center;\" colspan=\"2\">\n\t\t<strong>Technical Data<\/strong><\/p>\n<\/td>\n<\/tr>\n<tr>\n<td>\n\t\t<strong>Voltage<\/strong><\/p>\n<\/td>\n<td>\n\t\t220-240V~50\/60Hz<\/p>\n<\/td>\n<\/tr>\n<tr>\n<td>\n\t\t<strong>Power<\/strong><\/p>\n<\/td>\n<td>\n\t\t800W \/&nbsp;1500W<\/p>\n<\/td>\n<\/tr>\n<tr>\n<td>\n\t\t<strong>Thermoregulator<\/strong><\/p>\n<\/td>\n<td>\n\t\t0-300\u00b0C<\/p>\n<\/td>\n<\/tr>\n<tr>\n<td>\n\t\t<strong>Heating time plastic pipe<\/strong><\/p>\n<\/td>\n<td>\n\t\t5 &#8211; 24 sec<\/p>\n<\/td>\n<\/tr>\n<tr>\n<td>\n\t\t<strong>Welding time plastic pipe<\/strong><\/p>\n<\/td>\n<td>\n\t\t4 &#8211; 6 sec<\/p>\n<\/td>\n<\/tr>\n<tr>\n<td>\n\t\t<strong>Ambient operating temperature<\/strong><\/p>\n<\/td>\n<td>\n\t\t-20\u00b0C ~ 50\u00b0C<\/p>\n<\/td>\n<\/tr>\n<tr>\n<td>\n\t\t<strong>Temperature heating time<\/strong><\/p>\n<\/td>\n<td>\n\t\t&lt;15min<\/p>\n<\/td>\n<\/tr>\n<tr>\n<td>\n\t\t<strong>Heating sockets<\/strong><\/p>\n<\/td>\n<td>\n\t\t\u00d820mm, \u00d825mm, \u00d832mm, \u00d840mm, \u00d850mm, \u00d863mm<\/p>\n<\/td>\n<\/tr>\n<tr>\n<td>\n\t\t<strong>Weight&nbsp;<\/strong><\/p>\n<\/td>\n<td>\n\t\t4.9 kg<\/p>\n<\/td>\n<\/tr>\n<\/tbody>\n<\/table>\n<p>\n<strong>Accessories included:<\/strong><\/p>\n<ul>\n<li>6 heating sockets 20-25-32-40-50-63mm<\/li>\n<li>1 measuring tape 3m<\/li>\n<li>1 pipe cutter (diameter up to 42mm)<\/li>\n<li>1 screwdriver PH1 x 100mm<\/li>\n<li>1 hex key<\/li>\n<li>1 upport base<\/li>\n<li>1 metal box<\/li>\n<\/ul>\n<p>&nbsp;<\/p>\n<p><strong>Product has a 2-year guarantee.<\/strong><\/p>\n","protected":false},"excerpt":{"rendered":"<p>Characteristics: Ideal for professional use. Easy and safe to use. Double insulation. Support base. Maintains a constant temperature. Accurate temperature control. The device is ideal for polypropylene pipe welding, as well as for hydraulic and thermal systems (PE-PP-PVC-PVDF). It develops power of 1500 or 800 W, with the possibility to choose. You also have the [&hellip;]<\/p>\n","protected":false},"featured_media":0,"comment_status":"open","ping_status":"closed","template":"","meta":[],"product_cat":[18],"product_tag":[],"class_list":{"0":"post-747","1":"product","2":"type-product","3":"status-publish","5":"product_cat-ergaleia","7":"first","8":"instock","9":"shipping-taxable","10":"purchasable","11":"product-type-simple"},"acf":[],"_links":{"self":[{"href":"https:\/\/b2b.aslanidisbuild.gr\/en\/wp-json\/wp\/v2\/product\/747","targetHints":{"allow":["GET"]}}],"collection":[{"href":"https:\/\/b2b.aslanidisbuild.gr\/en\/wp-json\/wp\/v2\/product"}],"about":[{"href":"https:\/\/b2b.aslanidisbuild.gr\/en\/wp-json\/wp\/v2\/types\/product"}],"replies":[{"embeddable":true,"href":"https:\/\/b2b.aslanidisbuild.gr\/en\/wp-json\/wp\/v2\/comments?post=747"}],"wp:attachment":[{"href":"https:\/\/b2b.aslanidisbuild.gr\/en\/wp-json\/wp\/v2\/media?parent=747"}],"wp:term":[{"taxonomy":"product_cat","embeddable":true,"href":"https:\/\/b2b.aslanidisbuild.gr\/en\/wp-json\/wp\/v2\/product_cat?post=747"},{"taxonomy":"product_tag","embeddable":true,"href":"https:\/\/b2b.aslanidisbuild.gr\/en\/wp-json\/wp\/v2\/product_tag?post=747"}],"curies":[{"name":"wp","href":"https:\/\/api.w.org\/{rel}","templated":true}]}}